{"id":82,"date":"2023-11-25T17:11:51","date_gmt":"2023-11-25T17:11:51","guid":{"rendered":"https:\/\/aquileingiro.net\/?page_id=82"},"modified":"2026-02-02T12:52:30","modified_gmt":"2026-02-02T12:52:30","slug":"privacy","status":"publish","type":"page","link":"https:\/\/aquileingiro.net\/?page_id=82","title":{"rendered":"Privacy"},"content":{"rendered":"\n<p><strong>Protezione dei dati secondo il GDPR<\/strong><\/p>\n\n\n\n<h3 class=\"wp-block-heading\" style=\"font-size:14px\">WEB HOSTING E CRITTOGRAFIA SSL<\/h3>\n\n\n\n<p style=\"font-size:12px\">La crittografia SSL del tuo sito web ti protegge dall&#8217;accesso da parte di terzi non autorizzati nel miglior modo possibile. \u00c8 possibile visualizzare questo standard di sicurezza nel nome di dominio dell&#8217;URL (HTTPS:\/\/ anzich\u00e9 HTTP:\/\/).&nbsp;<\/p>\n\n\n\n<p style=\"font-size:12px\">Il provider raccoglie esclusivamente dati tecnici, automaticamente i seguenti file di log del server, che vengono trasmessi automaticamente quando si visita il sito:<\/p>\n\n\n\n<ul class=\"wp-block-list\">\n<li style=\"font-size:12px\">Data e ora della visita al sito web<\/li>\n\n\n\n<li style=\"font-size:12px\">Il tuo indirizzo IP<\/li>\n\n\n\n<li style=\"font-size:12px\">Nome e versione del browser web<\/li>\n\n\n\n<li style=\"font-size:12px\">Informazioni fornite dall&#8217;utente compilando moduli web o iscrivendosi a newsletter<\/li>\n<\/ul>\n\n\n\n<p style=\"font-size:12px\">Tali dati vengono trattati per le seguenti finalit\u00e0:<\/p>\n\n\n\n<ul class=\"wp-block-list\">\n<li style=\"font-size:12px\">per fornirti questo sito web<\/li>\n\n\n\n<li style=\"font-size:12px\">per miglioramenti tecnici e ulteriori sviluppi<\/li>\n\n\n\n<li style=\"font-size:12px\">per scopi di comunicazione<\/li>\n<\/ul>\n\n\n\n<h3 class=\"wp-block-heading\" style=\"font-size:14px\">CONSERVAZIONE DEI COOKIE<\/h3>\n\n\n\n<p style=\"font-size:12px\">Per tutta la durata della sessione corrente del sito web e oltre, il browser utilizza i cosiddetti cookie. Un ulteriore avviso su questo sito web ti informer\u00e0 dell&#8217;uso dei cookie. Se lo accettate, acconsentite espressamente al trattamento e alla trasmissione o alla memorizzazione delle informazioni.<br><br>I cookie sono piccoli file configurati che abilitano determinate funzioni dell&#8217;utente e del sito web. Le principali tecnologie dei cookie sono:<\/p>\n\n\n\n<ul class=\"wp-block-list\">\n<li style=\"font-size:12px\">Cookie di sessione, che vengono cancellati automaticamente alla chiusura del browser<\/li>\n\n\n\n<li style=\"font-size:12px\">Web beacon che fungono da pixel di tracciamento a scopo di analisi<\/li>\n\n\n\n<li style=\"font-size:12px\">Cookie di terze parti che visualizzano banner regionali o specifici per argomento<\/li>\n<\/ul>\n\n\n\n<p style=\"font-size:12px\">\u00c8 possibile disattivare i cookie singolarmente nel rispettivo browser, ma ci\u00f2 potrebbe comportare restrizioni sulla funzionalit\u00e0 del sito web.<\/p>\n\n\n\n<h3 class=\"wp-block-heading\" style=\"font-size:14px\">ANALISI WEB<\/h3>\n\n\n\n<p style=\"font-size:12px\">Questo sito web utilizza diversi servizi forniti da Google Inc., 1600 Amphitheatre Pkwy, Mountain View, CA 94043. Questi includono, ad esempio,<\/p>\n\n\n\n<ul class=\"wp-block-list\">\n<li style=\"font-size:12px\">Analisi di Google<\/li>\n\n\n\n<li style=\"font-size:12px\">Google reCaptcha<\/li>\n\n\n\n<li style=\"font-size:12px\">Mappe di Google<\/li>\n\n\n\n<li style=\"font-size:12px\">Google Fonts<\/li>\n\n\n\n<li style=\"font-size:12px\">Google Tag Manager<\/li>\n\n\n\n<li style=\"font-size:1px\">Google Adwords<\/li>\n<\/ul>\n\n\n\n<p style=\"font-size:12px\">Questi servizi servono a vari scopi, come l&#8217;analisi del comportamento dei visitatori, l&#8217;implementazione di font, la visualizzazione di mappe di percorso o la sicurezza da parte di crawler automatici (bot) per moduli web e sono integrati in questo sito web tramite cookie o chiavi API (interfacce).<\/p>\n\n\n\n<p style=\"font-size:12px\">Attraverso l&#8217;implementazione di questi servizi, il comportamento dell&#8217;utente verr\u00e0 registrato e trasmesso ai server di Google Inc. negli Stati Uniti o in altri paesi. Google garantisce che l&#8217;indirizzo IP dell&#8217;utente viene abbreviato all&#8217;interno dell&#8217;UE e trasmesso in modo integrale solo in casi eccezionali.<\/p>\n\n\n\n<p style=\"font-size:12px\">Se vuoi impedire a Google Analytics di utilizzare i tuoi dati, puoi scaricare e installare un componente aggiuntivo per il tuo browser web.<\/p>\n\n\n\n<p style=\"font-size:12px\">Questo plug-in \u00e8 disponibile qui: https:\/\/tools.google.com\/dlpage\/gaoptout<br><a href=\"https:\/\/tools.google.com\/dlpage\/gaoptout\">L&#8217;informativa<\/a><br><a href=\"https:\/\/www.google.com\/intl\/de\/policies\/privacy\/\" title=\"\">sulla privacy di Google Inc. \u00e8 disponibile qui<\/a><\/p>\n\n\n\n<p style=\"font-size:12px\">I vostri dati non saranno trasmessi a terzi senza il vostro consenso. Utilizzando questo sito web, l&#8217;utente accetta espressamente i termini dell&#8217;Informativa sulla privacy. Se si viene reindirizzati ad altri siti Web tramite link, si applica l&#8217;informativa sulla privacy del rispettivo sito.<\/p>\n","protected":false},"excerpt":{"rendered":"<p>Protezione dei dati secondo il GDPR WEB HOSTING E CRITTOGRAFIA SSL La crittografia SSL del tuo sito web ti protegge dall&#8217;accesso da parte di terzi non autorizzati nel miglior modo [&hellip;]<\/p>\n","protected":false},"author":1,"featured_media":3588,"parent":0,"menu_order":0,"comment_status":"closed","ping_status":"closed","template":"","meta":{"_eb_attr":"","advgb_blocks_editor_width":"","advgb_blocks_columns_visual_guide":"","_monsterinsights_skip_tracking":false,"_monsterinsights_sitenote_active":false,"_monsterinsights_sitenote_note":"","_monsterinsights_sitenote_category":0,"_uf_show_specific_survey":0,"_uf_disable_surveys":false,"_EventAllDay":false,"_EventTimezone":"","_EventStartDate":"","_EventEndDate":"","_EventStartDateUTC":"","_EventEndDateUTC":"","_EventShowMap":false,"_EventShowMapLink":false,"_EventURL":"","_EventCost":"","_EventCostDescription":"","_EventCurrencySymbol":"","_EventCurrencyCode":"","_EventCurrencyPosition":"","_EventDateTimeSeparator":"","_EventTimeRangeSeparator":"","_EventOrganizerID":[],"_EventVenueID":[],"_OrganizerEmail":"","_OrganizerPhone":"","_OrganizerWebsite":"","_VenueAddress":"","_VenueCity":"","_VenueCountry":"","_VenueProvince":"","_VenueState":"","_VenueZip":"","_VenuePhone":"","_VenueURL":"","_VenueStateProvince":"","_VenueLat":"","_VenueLng":"","_VenueShowMap":false,"_VenueShowMapLink":false,"footnotes":""},"class_list":["post-82","page","type-page","status-publish","has-post-thumbnail","hentry"],"aioseo_notices":[],"coauthors":[],"author_meta":{"author_link":"https:\/\/aquileingiro.net\/?author=1","display_name":"aquileingiro.net"},"relative_dates":{"created":"Pubblicato 2 anni fa","modified":"Aggiornato 3 mesi fa"},"absolute_dates":{"created":"Pubblicato il 25\/11\/2023","modified":"Aggiornato il 02\/02\/2026"},"absolute_dates_time":{"created":"Pubblicato il 25\/11\/2023 17:11","modified":"Aggiornato il 02\/02\/2026 12:52"},"featured_img_caption":"","featured_img":"https:\/\/aquileingiro.net\/wp-content\/uploads\/2023\/11\/cropped-cropped-LogoPNG.png","series_order":"","_links":{"self":[{"href":"https:\/\/aquileingiro.net\/index.php?rest_route=\/wp\/v2\/pages\/82","targetHints":{"allow":["GET"]}}],"collection":[{"href":"https:\/\/aquileingiro.net\/index.php?rest_route=\/wp\/v2\/pages"}],"about":[{"href":"https:\/\/aquileingiro.net\/index.php?rest_route=\/wp\/v2\/types\/page"}],"author":[{"embeddable":true,"href":"https:\/\/aquileingiro.net\/index.php?rest_route=\/wp\/v2\/users\/1"}],"replies":[{"embeddable":true,"href":"https:\/\/aquileingiro.net\/index.php?rest_route=%2Fwp%2Fv2%2Fcomments&post=82"}],"version-history":[{"count":4,"href":"https:\/\/aquileingiro.net\/index.php?rest_route=\/wp\/v2\/pages\/82\/revisions"}],"predecessor-version":[{"id":187,"href":"https:\/\/aquileingiro.net\/index.php?rest_route=\/wp\/v2\/pages\/82\/revisions\/187"}],"wp:featuredmedia":[{"embeddable":true,"href":"https:\/\/aquileingiro.net\/index.php?rest_route=\/wp\/v2\/media\/3588"}],"wp:attachment":[{"href":"https:\/\/aquileingiro.net\/index.php?rest_route=%2Fwp%2Fv2%2Fmedia&parent=82"}],"curies":[{"name":"wp","href":"https:\/\/api.w.org\/{rel}","templated":true}]}}