{"id":86,"date":"2023-11-26T04:25:39","date_gmt":"2023-11-26T04:25:39","guid":{"rendered":"https:\/\/aquileingiro.net\/?page_id=86"},"modified":"2026-02-02T13:21:53","modified_gmt":"2026-02-02T13:21:53","slug":"contenuti","status":"publish","type":"page","link":"https:\/\/aquileingiro.net\/?page_id=86","title":{"rendered":"Contenuti &#8211; Dati e altre amenit\u00e0 legali"},"content":{"rendered":"\n<h2 class=\"wp-block-heading\">Responsabilit\u00e0 per i link<\/h2>\n\n\n\n<p style=\"font-size:13px\">Nonostante l&#8217;accurato controllo dei contenuti, non ci assumiamo alcuna responsabilit\u00e0 per il contenuto dei link esterni. L&#8217;editore non si assume alcuna responsabilit\u00e0 per il contenuto dei siti web dei nostri partner e delle aziende partecipanti a cui si fa riferimento tramite link. I gestori delle pagine collegate sono gli unici responsabili del loro contenuto.<\/p>\n\n\n\n<h2 class=\"wp-block-heading\">Condizioni d&#8217;uso, garanzia, responsabilit\u00e0 per contenuti e link<\/h2>\n\n\n\n<p style=\"font-size:13px\">L&#8217;utilizzo di questo sito Web \u00e8 a proprio rischio e pericolo. Non ci assumiamo alcuna responsabilit\u00e0 per la disponibilit\u00e0 permanente, n\u00e9 per gli articoli, le offerte, i servizi e i servizi pubblicati per quanto riguarda l&#8217;accuratezza, la completezza e la funzionalit\u00e0. La garanzia si basa sulle disposizioni di legge. \u00c8 esclusa qualsiasi responsabilit\u00e0 per danni derivanti direttamente o indirettamente dall&#8217;uso di questo sito web.<br><br>Questo sito web e i relativi servizi sono gestiti con la massima cura, affidabilit\u00e0 e disponibilit\u00e0. Tuttavia, per motivi tecnici, non \u00e8 possibile che questi servizi siano accessibili senza interruzioni, che le connessioni desiderate siano sempre stabilite o che i dati memorizzati vengano conservati in ogni circostanza. Pertanto, non \u00e8 possibile garantire una disponibilit\u00e0 costante. La connettivit\u00e0 IP ad altri operatori di rete viene fornita in base all&#8217;ordine di arrivo.<br><br>\u00c8 esclusa qualsiasi responsabilit\u00e0 per problemi causati dalle reti di terzi. L&#8217;utilizzo di altre reti \u00e8 soggetto alle condizioni d&#8217;uso dei rispettivi operatori. In caso di forza maggiore, scioperi, limitazioni dei servizi di altri operatori di rete o lavori di riparazione e manutenzione, possono verificarsi restrizioni o interruzioni, per cui non vi \u00e8 alcuna responsabilit\u00e0 per tali guasti.<\/p>\n\n\n\n<h2 class=\"wp-block-heading\">Riferimenti e link<\/h2>\n\n\n\n<p style=\"font-size:12px\">In caso di riferimenti diretti o indiretti a siti web di terzi (&#8220;collegamenti ipertestuali&#8221;) che si trovano al di fuori della nostra area di responsabilit\u00e0, un obbligo di responsabilit\u00e0 entrerebbe in vigore solo nel caso in cui fossimo a conoscenza del contenuto e fosse tecnicamente possibile e ragionevole per noi impedirne l&#8217;uso in caso di contenuti illegali.<\/p>\n\n\n\n<p style=\"font-size:13px\">Con la presente dichiariamo espressamente che al momento dell&#8217;inserimento del link non erano riconoscibili contenuti illegali sulle pagine collegate. Non abbiamo alcuna influenza sulla struttura attuale e futura, sui contenuti o sulla paternit\u00e0 delle pagine collegate. Pertanto, con la presente ci dissociamo espressamente da tutti i contenuti di tutte le pagine collegate o collegate che sono state modificate dopo l&#8217;impostazione del collegamento.<\/p>\n\n\n\n<p style=\"font-size:13px\">Questa dichiarazione si applica a tutti i link e i riferimenti inseriti all&#8217;interno del nostro sito web, nonch\u00e9 alle voci di terzi in blog, forum, directory di link, mailing list e in tutte le altre forme di database il cui contenuto \u00e8 accessibile dall&#8217;esterno. Per contenuti illegali, errati o incompleti e in particolare per danni derivanti dall&#8217;uso o dal mancato utilizzo di informazioni presentate in questo modo, \u00e8 responsabile solo il fornitore della pagina a cui si \u00e8 fatto riferimento, non colui che si limita a fare riferimento alla rispettiva pubblicazione tramite link.<\/p>\n","protected":false},"excerpt":{"rendered":"<p>Responsabilit\u00e0 per i link Nonostante l&#8217;accurato controllo dei contenuti, non ci assumiamo alcuna responsabilit\u00e0 per il contenuto dei link esterni. L&#8217;editore non si assume alcuna responsabilit\u00e0 per il contenuto dei [&hellip;]<\/p>\n","protected":false},"author":1,"featured_media":3588,"parent":0,"menu_order":0,"comment_status":"closed","ping_status":"closed","template":"","meta":{"_eb_attr":"","advgb_blocks_editor_width":"","advgb_blocks_columns_visual_guide":"","_monsterinsights_skip_tracking":false,"_monsterinsights_sitenote_active":false,"_monsterinsights_sitenote_note":"","_monsterinsights_sitenote_category":0,"_uf_show_specific_survey":0,"_uf_disable_surveys":false,"_EventAllDay":false,"_EventTimezone":"","_EventStartDate":"","_EventEndDate":"","_EventStartDateUTC":"","_EventEndDateUTC":"","_EventShowMap":false,"_EventShowMapLink":false,"_EventURL":"","_EventCost":"","_EventCostDescription":"","_EventCurrencySymbol":"","_EventCurrencyCode":"","_EventCurrencyPosition":"","_EventDateTimeSeparator":"","_EventTimeRangeSeparator":"","_EventOrganizerID":[],"_EventVenueID":[],"_OrganizerEmail":"","_OrganizerPhone":"","_OrganizerWebsite":"","_VenueAddress":"","_VenueCity":"","_VenueCountry":"","_VenueProvince":"","_VenueState":"","_VenueZip":"","_VenuePhone":"","_VenueURL":"","_VenueStateProvince":"","_VenueLat":"","_VenueLng":"","_VenueShowMap":false,"_VenueShowMapLink":false,"footnotes":""},"class_list":["post-86","page","type-page","status-publish","has-post-thumbnail","hentry"],"aioseo_notices":[],"coauthors":[],"author_meta":{"author_link":"https:\/\/aquileingiro.net\/?author=1","display_name":"aquileingiro.net"},"relative_dates":{"created":"Pubblicato 2 anni fa","modified":"Aggiornato 3 mesi fa"},"absolute_dates":{"created":"Pubblicato il 26\/11\/2023","modified":"Aggiornato il 02\/02\/2026"},"absolute_dates_time":{"created":"Pubblicato il 26\/11\/2023 04:25","modified":"Aggiornato il 02\/02\/2026 13:21"},"featured_img_caption":"","featured_img":"https:\/\/aquileingiro.net\/wp-content\/uploads\/2023\/11\/cropped-cropped-LogoPNG.png","series_order":"","_links":{"self":[{"href":"https:\/\/aquileingiro.net\/index.php?rest_route=\/wp\/v2\/pages\/86","targetHints":{"allow":["GET"]}}],"collection":[{"href":"https:\/\/aquileingiro.net\/index.php?rest_route=\/wp\/v2\/pages"}],"about":[{"href":"https:\/\/aquileingiro.net\/index.php?rest_route=\/wp\/v2\/types\/page"}],"author":[{"embeddable":true,"href":"https:\/\/aquileingiro.net\/index.php?rest_route=\/wp\/v2\/users\/1"}],"replies":[{"embeddable":true,"href":"https:\/\/aquileingiro.net\/index.php?rest_route=%2Fwp%2Fv2%2Fcomments&post=86"}],"version-history":[{"count":3,"href":"https:\/\/aquileingiro.net\/index.php?rest_route=\/wp\/v2\/pages\/86\/revisions"}],"predecessor-version":[{"id":4922,"href":"https:\/\/aquileingiro.net\/index.php?rest_route=\/wp\/v2\/pages\/86\/revisions\/4922"}],"wp:featuredmedia":[{"embeddable":true,"href":"https:\/\/aquileingiro.net\/index.php?rest_route=\/wp\/v2\/media\/3588"}],"wp:attachment":[{"href":"https:\/\/aquileingiro.net\/index.php?rest_route=%2Fwp%2Fv2%2Fmedia&parent=86"}],"curies":[{"name":"wp","href":"https:\/\/api.w.org\/{rel}","templated":true}]}}